{"id":2888,"date":"2019-05-03T13:49:08","date_gmt":"2019-05-03T11:49:08","guid":{"rendered":"https:\/\/www.dssnasdomov.sk\/?page_id=2888"},"modified":"2026-04-10T13:49:22","modified_gmt":"2026-04-10T11:49:22","slug":"tlaciva-2019","status":"publish","type":"page","link":"https:\/\/www.dssnasdomov.sk\/tlaciva-2019\/","title":{"rendered":"Tla\u010div\u00e1 na stiahnutie"},"content":{"rendered":"<p><span style=\"color: #ff0000;\"><strong>\u017diados\u0165 o zabezpe\u010denie soc. slu\u017eby &#8211; z\u00e1kladn\u00e9 tla\u010div\u00e1:<\/strong><\/span><\/p>\n<p><span style=\"color: #ff0000;\"><a href=\"https:\/\/www.dssnasdomov.sk\/wp-content\/uploads\/2025\/03\/\u017diados\u0165-o-uzatvorenie-zmluvy.docx\"><span style=\"color: #000000;\">\u017diados\u0165 o uzatvorenie zmluvy\u00a0\u00a0\u00a0\u00a0\u00a0<\/span><\/a><\/span><\/p>\n<p><span style=\"color: #000000;\"><a style=\"color: #000000;\" href=\"https:\/\/www.dssnasdomov.sk\/wp-content\/uploads\/2025\/03\/S\u00fahlas-klient-zaradenie-do-datab\u00e1zy-\u010dakate\u013eov.docx\">S\u00fahlas klient-zaradenie do datab\u00e1zy \u010dakate\u013eov<\/a> <\/span><\/p>\n<p><span style=\"color: #000000;\"><a style=\"color: #000000;\" href=\"https:\/\/www.dssnasdomov.sk\/wp-content\/uploads\/2025\/03\/Zakladn\u00fd-zdravotn\u00fd-dotazn\u00edk-pri-n\u00e1stupe-do-DSS.docx\">Zakladn\u00fd zdravotn\u00fd dotazn\u00edk pri n\u00e1stupe do DSS<\/a> <\/span><\/p>\n<p><span style=\"color: #000000;\"><a style=\"color: #000000;\" href=\"https:\/\/www.dssnasdomov.sk\/wp-content\/uploads\/2025\/03\/Tla\u010divo-na-vyradenie-z-poradovn\u00edka-\u017eiadatelov-o-SS.docx\">Tla\u010divo na vyradenie z poradovn\u00edka \u017eiadatelov o SS<\/a> <\/span><\/p>\n<p><span style=\"color: #000000;\"><a style=\"color: #000000;\" href=\"https:\/\/www.dssnasdomov.sk\/wp-content\/uploads\/2025\/03\/Zoznam-vec\u00ed-pri-n\u00e1stupe-do-zariadenia.docx\">Zoznam vec\u00ed pri n\u00e1stupe do zariadenia<\/a> <\/span><\/p>\n<p><span style=\"color: #000000;\"><a style=\"color: #000000;\" href=\"https:\/\/www.dssnasdomov.sk\/wp-content\/uploads\/2026\/04\/Vyhlasenie-o-majetku-nove-2026.pdf\">Vyhl\u00e1senie o majetku &#8211; 2026<\/a><\/span><\/p>\n<p><span style=\"color: #000000;\"><a style=\"color: #000000;\" href=\"https:\/\/www.dssnasdomov.sk\/wp-content\/uploads\/2025\/03\/Potvrdenie-lek\u00e1ra-o-bezinfek\u010dnosti-\u017eiadate\u013ea.docx\">Potvrdenie lek\u00e1ra o bezinfek\u010dnosti \u017eiadate\u013ea<\/a><\/span><\/p>\n<p><a href=\"https:\/\/www.dssnasdomov.sk\/wp-content\/uploads\/2025\/09\/Postup-v-konan\u00ed-pri-posudzovan\u00ed-na-soci\u00e1lnu-slu\u017ebu-od-01.09.2025.pdf\"><strong>Postup v konan\u00ed pri posudzovan\u00ed na soci\u00e1lnu slu\u017ebu od 01.09.2025<\/strong><\/a><\/p>\n\n\n<p><\/p>\n","protected":false},"excerpt":{"rendered":"<p>\u017diados\u0165 o zabezpe\u010denie soc. slu\u017eby &#8211; z\u00e1kladn\u00e9 tla\u010div\u00e1: \u017diados\u0165 o uzatvorenie zmluvy\u00a0\u00a0\u00a0\u00a0\u00a0 S\u00fahlas klient-zaradenie do datab\u00e1zy \u010dakate\u013eov Zakladn\u00fd zdravotn\u00fd dotazn\u00edk pri n\u00e1stupe do DSS Tla\u010divo na vyradenie z poradovn\u00edka \u017eiadatelov o SS Zoznam vec\u00ed pri n\u00e1stupe do zariadenia Vyhl\u00e1senie o majetku &#8211; 2026 Potvrdenie lek\u00e1ra o bezinfek\u010dnosti \u017eiadate\u013ea Postup v konan\u00ed pri posudzovan\u00ed na soci\u00e1lnu &hellip; <a href=\"https:\/\/www.dssnasdomov.sk\/tlaciva-2019\/\" class=\"more-link\">Pokra\u010dova\u0165 na <span class=\"screen-reader-text\">Tla\u010div\u00e1 na stiahnutie<\/span> <span class=\"meta-nav\">&rarr;<\/span><\/a><\/p>\n","protected":false},"author":3,"featured_media":0,"parent":0,"menu_order":0,"comment_status":"closed","ping_status":"closed","template":"","meta":{"_uag_custom_page_level_css":"","footnotes":""},"class_list":["post-2888","page","type-page","status-publish","hentry"],"uagb_featured_image_src":{"full":false,"thumbnail":false,"medium":false,"medium_large":false,"large":false,"1536x1536":false,"2048x2048":false,"post-thumbnail":false},"uagb_author_info":{"display_name":"Marta \u017diakov\u00e1","author_link":"https:\/\/www.dssnasdomov.sk\/author\/nasdomovzoznam-sk\/"},"uagb_comment_info":0,"uagb_excerpt":"\u017diados\u0165 o zabezpe\u010denie soc. slu\u017eby &#8211; z\u00e1kladn\u00e9 tla\u010div\u00e1: \u017diados\u0165 o uzatvorenie zmluvy\u00a0\u00a0\u00a0\u00a0\u00a0 S\u00fahlas klient-zaradenie do datab\u00e1zy \u010dakate\u013eov Zakladn\u00fd zdravotn\u00fd dotazn\u00edk pri n\u00e1stupe do DSS Tla\u010divo na vyradenie z poradovn\u00edka \u017eiadatelov o SS Zoznam vec\u00ed pri n\u00e1stupe do zariadenia Vyhl\u00e1senie o majetku &#8211; 2026 Potvrdenie lek\u00e1ra o bezinfek\u010dnosti \u017eiadate\u013ea Postup v konan\u00ed pri posudzovan\u00ed na soci\u00e1lnu&hellip;","_links":{"self":[{"href":"https:\/\/www.dssnasdomov.sk\/wp-json\/wp\/v2\/pages\/2888","targetHints":{"allow":["GET"]}}],"collection":[{"href":"https:\/\/www.dssnasdomov.sk\/wp-json\/wp\/v2\/pages"}],"about":[{"href":"https:\/\/www.dssnasdomov.sk\/wp-json\/wp\/v2\/types\/page"}],"author":[{"embeddable":true,"href":"https:\/\/www.dssnasdomov.sk\/wp-json\/wp\/v2\/users\/3"}],"replies":[{"embeddable":true,"href":"https:\/\/www.dssnasdomov.sk\/wp-json\/wp\/v2\/comments?post=2888"}],"version-history":[{"count":10,"href":"https:\/\/www.dssnasdomov.sk\/wp-json\/wp\/v2\/pages\/2888\/revisions"}],"predecessor-version":[{"id":10776,"href":"https:\/\/www.dssnasdomov.sk\/wp-json\/wp\/v2\/pages\/2888\/revisions\/10776"}],"wp:attachment":[{"href":"https:\/\/www.dssnasdomov.sk\/wp-json\/wp\/v2\/media?parent=2888"}],"curies":[{"name":"wp","href":"https:\/\/api.w.org\/{rel}","templated":true}]}}